{"id":144,"date":"2015-10-30T13:14:47","date_gmt":"2015-10-30T13:14:47","guid":{"rendered":"http:\/\/bipaa.genouest.org\/is\/?page_id=144"},"modified":"2019-11-14T16:22:38","modified_gmt":"2019-11-14T16:22:38","slug":"publications","status":"publish","type":"page","link":"https:\/\/bipaa.genouest.org\/is\/bipaa\/publications\/","title":{"rendered":"Publications"},"content":{"rendered":"<h2>Our updated publication list is now on <a href=\"https:\/\/www.zotero.org\/groups\/2356637\/bipaa\">Zotero<\/a><\/h2>\n<div class=\"zone_txt ezoe\">\n<p>Some publications involving BIPAA:<\/p>\n<h4>2018<\/h4>\n<p><a href=\"https:\/\/microbiomejournal.biomedcentral.com\/articles\/10.1186\/s40168-018-0562-9\">Multi-scale characterization of symbiont diversity in the pea aphid complex through metagenomic approaches.<\/a><br \/>\nGuyomar C, Legeai F, Jousselin E, Mougel C, Lemaitre C, Simon JC.<br \/>\nMicrobiome. 2018 Oct 10;6(1):181.<\/p>\n<p><a href=\"https:\/\/onlinelibrary.wiley.com\/doi\/abs\/10.1111\/mec.14799\">hotspots of differentiation and candidate genes involved in the adaptive divergence of pea aphid host races.<\/a>Nouhaud P, Gautier M, Gouin A, Jaqui\u00e9ry J, Peccoud J, Legeai F, Mieuzet L, Smadja CM, Lemaitre C, Vitalis R, Simon JC. Identifying genomic<br \/>\nMol Ecol. 2018 Jul 16.<\/p>\n<p><a href=\"https:\/\/academic.oup.com\/gbe\/article\/10\/6\/1554\/4999395\">Fast Evolution and Lineage-Specific Gene Family Expansions of Aphid Salivary Effectors Driven by Interactions with Host-Plants<\/a><br \/>\nBoulain H, Legeai F, Guy E, Morli\u00e8re S, Douglas NE, Oh J, Murugan M, Smith M, Jaqui\u00e9ry J, Peccoud J, White FF, Carolan JC, Simon JC, Sugio A.<br \/>\nGenome Biol Evol. 2018 Jun 1;10(6):1554-1572.<\/p>\n<p><a href=\"https:\/\/www.sciencedirect.com\/science\/article\/pii\/S2352340918300763\">De novo genome and transcriptome resources of the Adzuki bean borer Ostrinia scapulalis (Lepidoptera: Crambidae)<br \/>\n<\/a>B.Gschloessl, F.Dorkeld, P.Audiot, A.<b>Bretaudeau<\/b>, C.Kerdelhu\u00e9, R.Streiffa<br \/>\nData in Brief, 2018 Apr;17:781-787. doi: 10.1016\/j.dib.2018.01.073<\/p>\n<p><a href=\"https:\/\/www.ncbi.nlm.nih.gov\/pubmed\/29477467\">First extensive characterization of the venom gland from an egg parasitoid: structure, transcriptome and functional role.<br \/>\n<\/a>Cusumano A, Duvic B, Jouan V, Ravallec M, <b>Legeai F<\/b>, Peri E, Colazza S, Volkoff AN.<br \/>\nJ Insect Physiol. 2018 Feb 22;107:68-80. doi: 10.1016\/j.jinsphys.2018.02.009.<\/p>\n<p><a href=\"https:\/\/www.ncbi.nlm.nih.gov\/pubmed\/29360959\">Disentangling the Causes for Faster-X Evolution in Aphids.<br \/>\n<\/a>Jaqui\u00e9ry J, Peccoud J, Ouisse T, <b>Legeai F<\/b>, Prunier-Leterme N, Gouin A, Nouhaud P, Brisson JA, Bickel R, Purandare S, Poulain J, Battail C, Lemaitre C, Mieuzet L, Le Trionnaire G, Simon JC, Rispe C.<br \/>\nGenome Biol Evol. 2018 Feb 1;10(2):507-520. doi: 10.1093\/gbe\/evy015.<\/p>\n<p><a href=\"https:\/\/www.ncbi.nlm.nih.gov\/pubmed\/29352511\">Draft genome and reference transcriptomic resources for the urticating pine defoliator Thaumetopoea pityocampa (Lepidoptera: Notodontidae).<br \/>\n<\/a>Gschloessl B, Dorkeld F, Berges H, Beydon G, Bouchez O, Branco M, <b>Bretaudeau<\/b> A, Burban C, Dubois E, Gauthier P, Lhuillier E, Nichols J, Nidelet S, Rocha S, Saun\u00e9 L, Streiff R, Gautier M, Kerdelhu\u00e9 C.<br \/>\nMol Ecol Resour. 2018 Jan 20. doi: 10.1111\/1755-0998.12756.<\/p>\n<h4>2017<\/h4>\n<p><a href=\"https:\/\/www.ncbi.nlm.nih.gov\/pubmed\/28947760\">Two genomes of highly polyphagous lepidopteran pests (Spodoptera frugiperda, Noctuidae) with different host-plant ranges.<br \/>\n<\/a>Gouin A, <b>Bretaudeau<\/b> A, Nam K, Gimenez S, Aury JM, Duvic B, Hilliou F, Durand N, Montagn\u00e9 N, Darboux I, Kuwar S, Chertemps T, Siaussat D, Bretschneider A, Mon\u00e9 Y, Ahn SJ, H\u00e4nniger S, Grenet AG, Neunemann D, Maumus F, Luyten I, Labadie K, Xu W, Koutroumpa F, Escoubas JM, Llopis A, Ma\u00efb\u00e8che-Coisne M, Salasc F, Tomar A, Anderson AR, Khan SA, Dumas P, Orsucci M, Guy J, Belser C, Alberti A, Noel B, Couloux A, Mercier J, Nidelet S, Dubois E, Liu NY, Boulogne I, Mirabeau O, Le Goff G, Gordon K, Oakeshott J, Consoli FL, Volkoff AN, Fescemyer HW, Marden JH, Luthe DS, Herrero S, Heckel DG, Wincker P, Kergoat GJ, Amselem J, Quesneville H, Groot AT, Jacquin-Joly E, N\u00e8gre N, Lemaitre C, <b>Legeai<\/b> F, d&#8217;Alen\u00e7on E, Fournier P.<br \/>\nSci Rep. 2017 Sep 25;7(1):11816. doi: 10.1038\/s41598-017-10461-4.<\/p>\n<p><a href=\"https:\/\/www.ncbi.nlm.nih.gov\/pubmed\/28734070\">Genome scans on experimentally evolved populations reveal candidate regions for adaptation to plant resistance in the potato cyst nematode Globodera pallida.<br \/>\n<\/a>Eoche-Bosy D, Gautier M, Esquibet M, <b>Legeai<\/b> F, <b>Bretaudeau<\/b> A, Bouchez O, Fournet S, Grenier E, Montarry J.<br \/>\nMol Ecol. 2017 Sep;26(18):4700-4711. doi: 10.1111\/mec.14240.<\/p>\n<p><a href=\"https:\/\/www.ncbi.nlm.nih.gov\/pubmed\/28852588\">Expression differences in <i>Aphidius ervi<\/i> (Hymenoptera: Braconidae) females reared on different aphid host species.<br \/>\n<\/a>Ballesteros GI, Gadau J, <b>Legeai F<\/b>, Gonzalez-Gonzalez A, Lavandero B, Simon JC, Figueroa CC.<br \/>\nPeerJ. 2017 Aug 21;5:e3640. doi: 10.7717\/peerj.3640.<\/p>\n<p><a href=\"https:\/\/www.ncbi.nlm.nih.gov\/pubmed\/28638443\">Dosage compensation and sex-specific epigenetic landscape of the X chromosome in the pea aphid.<br \/>\n<\/a>Richard G, <b>Legeai<\/b> F, Prunier-Leterme N, <b>Bretaudeau<\/b> A, Tagu D, Jaqui\u00e9ry J, Le Trionnaire G.<br \/>\nEpigenetics Chromatin. 2017 Jun 15;10:30. doi: 10.1186\/s13072-017-0137-1.<\/p>\n<p><a href=\"https:\/\/www.ncbi.nlm.nih.gov\/pubmed\/28053114\">FEELnc: a tool for long non-coding RNA annotation and its application to the dog transcriptome.<br \/>\n<\/a>Wucher V, <b>Legeai F<\/b>, H\u00e9dan B, Rizk G, Lagoutte L, Leeb T, Jagannathan V, Cadieu E, David A, Lohi H, Cirera S, Fredholm M, Botherel N, Leegwater PA, Le B\u00e9guec C, Fieten H, Johnson J, Alf\u00f6ldi J, Andr\u00e9 C, Lindblad-Toh K, Hitte C, Derrien T.<br \/>\nNucleic Acids Res. 2017 Jan 3. pii: gkw1306. doi: 10.1093\/nar\/gkw1306.<\/p>\n<h4>2016<\/h4>\n<p><a href=\"https:\/\/www.ncbi.nlm.nih.gov\/pubmed\/26968158\">De novo transcriptome assembly of the grapevine phylloxera allows identification of genes differentially expressed between leaf- and root-feeding forms.<br \/>\n<\/a>Rispe C, <b>Legeai F<\/b>, Papura D, <b>Bretaudeau A<\/b>, Hudaverdian S, Le Trionnaire G, Tagu D, Jaqui\u00e9ry J, Delmotte F.<br \/>\nBMC Genomics. 2016 Mar 11;17:219. doi: 10.1186\/s12864-016-2530-8.<\/p>\n<p><a href=\"https:\/\/www.ncbi.nlm.nih.gov\/pubmed\/28190401\">Rapid transcriptional plasticity of duplicated gene clusters enables a clonally reproducing aphid to colonise diverse plant species.<br \/>\n<\/a>Mathers TC, Chen Y, Kaithakottil G, <b>Legeai F<\/b>, Mugford ST, Baa-Puyoulet P, <b>Bretaudeau A<\/b>, Clavijo B, Colella S, Collin O, Dalmay T, Derrien T, Feng H, Gabald\u00f3n T, Jordan A, Julca I, Kettles GJ, Kowitwanich K, Lavenier D, Lenzi P, Lopez-Gomollon S, Loska D, Mapleson D, Maumus F, Moxon S, Price DR, Sugio A, van Munster M, Uzest M, Waite D, Jander G, Tagu D, Wilson AC, van Oosterhout C, Swarbreck D, Hogenhout SA.<br \/>\nGenome Biol. 2017 Feb 13;18(1):27. doi: 10.1186\/s13059-016-1145-3.<\/p>\n<p><a href=\"https:\/\/www.ncbi.nlm.nih.gov\/pubmed\/28119199\">Whole genome sequence of the soybean aphid, Aphis glycines.<br \/>\n<\/a>Wenger JA, Cassone BJ, <b>Legeai F<\/b>, Johnston JS, Bansal R, Yates AD, Coates BS, Pavinato VA, Michel A.<br \/>\nInsect Biochem Mol Biol. 2017 Jan 22. pii: S0965-1748(17)30005-X. doi: 10.1016\/j.ibmb.2017.01.005.<\/p>\n<p><a href=\"https:\/\/www.ncbi.nlm.nih.gov\/pubmed\/28073357\">Long noncoding RNA repertoire in chicken liver and adipose tissue.<br \/>\n<\/a>Muret K, Klopp C, Wucher V, Esquerr\u00e9 D, <b>Legeai F<\/b>, Lecerf F, D\u00e9sert C, Boutin M, Jehl F, Acloque H, Giuffra E, Djebali S, Foissac S, Derrien T, Lagarrigue S.<br \/>\nGenet Sel Evol. 2017 Jan 10;49(1):6. doi: 10.1186\/s12711-016-0275-0.<\/p>\n<p><a href=\"https:\/\/www.ncbi.nlm.nih.gov\/pubmed\/27474484\">Differential gene expression according to race and host plant in the pea aphid.<\/a><br \/>\nEyres I, Jaqui\u00e9ry J, Sugio A, Duvaux L, Gharbi K, Zhou JJ, <b>Legeai F<\/b>, Nelson M, Simon JC, Smadja CM, Butlin R, Ferrari J.<br \/>\nMol Ecol. 2016 Sep;25(17):4197-215. doi: 10.1111\/mec.13771. Epub 2016 Aug 26.<\/p>\n<h4>2015<\/h4>\n<p>Bretaudeau A, Monjeaud C, Le Bras Y, Legeai F,\u00a0Collin O,\u00a0BioMAJ2Galaxy: automatic update of reference data in Galaxy using BioMAJ. GigaScience\u00a0015 May\u00a09;4:22.<\/p>\n<p>Legeai F, Derrien T. Identification of long non-coding RNAs in insects genomes Current Opinion in Insect Science (in press)<\/p>\n<p>Dumas P, Legeai F, Lemaitre C, Scaon E, Orsucci M, Labadie K, Gimenez S, Clamens AL, Henri H, Vavre F, Aury JM, Fournier P, Kergoat GJ, d&#8217;Alen\u00e7on E. Spodoptera frugiperda (Lepidoptera: Noctuidae) host-plant variants: two host\u00a0strains or two distinct species? Genetica. 2015 Feb 19.<\/p>\n<p>Gouin A, Legeai F, Nouhaud P, Whibley A, Simon JC, Lemaitre C. Whole-genome\u00a0re-sequencing of non-model organisms: lessons from unmapped reads. Heredity\u00a02015 May;114(5):494-501.<\/p>\n<h4>2014<\/h4>\n<p>Legeai F, Gimenez S, Duvic B, Escoubas JM, Gosselin Grenet AS, Blanc F,\u00a0Cousserans F, S\u00e9ninet I, Bretaudeau A, Mutuel D, Girard PA, Monsempes C,\u00a0Magdelenat G, Hilliou F, Feyereisen R, Ogliastro M, Volkoff AN, Jacquin-Joly E,\u00a0d&#8217;Alen\u00e7on E, N\u00e8gre N, Fournier P. Establishment and analysis of a reference\u00a0transcriptome for Spodoptera frugiperda. BMC Genomics. 2014 Aug 23;15:704.<\/p>\n<p>Jaqui\u00e9ry J, Stoeckel S, Larose C, Nouhaud P, Rispe C, Mieuzet L, Bonhomme J, Mah\u00e9o F, Legeai F, Gauthier JP, Prunier-Leterme N, Tagu D, Simon JC. Genetic control of contagious asexuality in the pea aphid. PLoS Genet. 2014 Dec\u00a04;10(12)<\/p>\n<h4>2013<\/h4>\n<p>Glaser N, Gallot A, Legeai F, Montagn\u00e9 N, Poivet E, Harry M, Calatayud PA,\u00a0Jacquin-Joly E. Candidate chemosensory genes in the Stemborer Sesamia\u00a0nonagrioides. Int J Biol Sci. 2013 May 21;9(5):481-95.<\/p>\n<p>Poivet E, Gallot A, Montagn\u00e9 N, Glaser N, Legeai F, Jacquin-Joly E. A\u00a0comparison of the olfactory gene repertoires of adults and larvae in the noctuid moth Spodoptera littoralis. PLoS One. 2013;8(4)<\/p>\n<h4>2012<\/h4>\n<p>Jaqui\u00e9ry J, Stoeckel S, Nouhaud P, Mieuzet L, Mah\u00e9o F, Legeai F, Bernard N, Bonvoisin A, Vitalis R, Simon JC. Genome scans reveal candidate regions involved in the adaptation to host plant in the pea aphid complex. Mol Ecol. 2012 Nov;21(21):5251-64.<\/p>\n<p>Le Trionnaire G, Jaubert-Possamai S, Bonhomme J, Gauthier JP, Guernec G, Le Cam A, Legeai F, Monfort J, Tagu D. Transcriptomic profiling of the reproductive mode switch in the pea aphid in response to natural autumnal photoperiod. J Insect Physiol. 2012 Dec;58(12):1517-24.<\/p>\n<p>Jacquin-Joly E, Legeai F, Montagn\u00e9 N, Monsempes C, Fran\u00e7ois MC, Poulain J,Gavory F, Walker WB 3rd, Hansson BS, Larsson MC. Candidate chemosensory genes in female antennae of the noctuid moth Spodoptera littoralis. Int J Biol Sci.2012;8(7):1036-50.<\/p>\n<p>Ollivier M, Gabald\u00f3n T, Poulain J, Gavory F, Leterme N, Gauthier JP, Legeai F,Tagu D, Simon JC, Rispe C. Comparison of gene repertoires and patterns of evolutionary rates in eight aphid species that differ by reproductive mode. Genome Biol Evol. 2012;4(2):155-67.<\/p>\n<p>Jaqui\u00e9ry J, Stoeckel S, Rispe C, Mieuzet L, Legeai F, Simon JC. Accelerated evolution of sex chromosomes in aphids, an x0 system. Mol Biol Evol. 2012 Feb;29(2):837-47.<\/p>\n<h4>2011<\/h4>\n<p>Legeai F, Malpel S, Montagn\u00e9 N, Monsempes C, Cousserans F, Merlin C, Fran\u00e7ois MC, Ma\u00efb\u00e8che-Coisn\u00e9 M, Gavory F, Poulain J, Jacquin-Joly E. An Expressed Sequence Tag collection from the male antennae of the Noctuid moth Spodoptera littoralis: a resource for olfactory and pheromone detection research. BMC Genomics. 2011 Jan 29;12:86.<\/p>\n<h4>2010<\/h4>\n<p>Volkoff AN, Jouan V, Urbach S, Samain S, Bergoin M, Wincker P, Demettre E, Cousserans F, Provost B, Coulibaly F, Legeai F, B\u00e9liveau C, Cusson M, Gyapay G, Drezen JM. Analysis of virion structural components reveals vestiges of the ancestral ichnovirus genome. PLoS Pathog. 2010 May 27;6(5)<\/p>\n<p>d\u2019Alen\u00e7on, E, Sezutsu H, Legeai F, Permal, E, Bernard-Samain, S., Gimeneza, S., Gagneur, C., Cousserans, F., Shimomura, M., Brun-Barale, A., Flutre, T., Couloux, A., East, P., Gordong, K., Mita, K., Quesneville, H., Fournier P., Feyereisen, R. Extensive synteny conservation of holocentric chromosomes in Lepidoptera despite high rates of local genome rearrangements, (2010) PNAS\u00a0 Apr 27;107(17):7680-5.<\/p>\n<p>International Aphid Genomics Consortium. Genome sequence of the pea aphid Acyrthosiphon pisum. PLoS Biol. 2010 Feb 23;8(2)<\/p>\n<p>Legeai F, Shigenobu S, Gauthier JP, Colbourne J, Rispe C, Collin O, Richards S, Wilson ACC, Tagu D (2010) AphidBase: A centralized bioinformatic resource for annotation of the pea aphid genome. Insect Molecular Biology vol19,0,5-12<\/p>\n<p>Ollivier M., Legeai F., Rispe C. (2010) Comparative analysis of the Acyrthosiphon pisum genome and expressed sequence tag-based gene sets from other aphid species. Ins. Mol. Biol. Vol19,0,33-45<\/p>\n<p>Legeai F., Rizk G., Walsh T., Edwards O., Gordon K., Lavenier D., Leterme N., M\u00e9reau A., Nicolas J., Tagu D., Jaubert-Possamai S. (2010) Bioinformatic prediction, deep sequencing of microRNAs and expression analysis during phenotypic plasticity in the pea aphid, Acyrthosiphon pisum. BMC Genomics\u00a0 2010 May 5;11(1):281<\/p>\n<p>Legeai F., Malpel S., Montagn\u00e9 N., Monsempes C., Cousseran F., Merlin C., Fran\u00e7ois MC., Ma\u00efb\u00e8che-Coisn\u00e9 M., Gavory F., Poulain J., Jacquin-Joly E. (2010) An Expressed Sequence Tag collection from the male antennae of the Noctuid moth Spodoptera littoralis: a resource for olfactory and pheromone detection research (Submitted to BMC Genomics)<\/p>\n<h4>2009<\/h4>\n<p>Le Trionnaire G, Francis F, Jaubert-Possamai S, Bonhomme J, De Pauw E, Gauthier JP, Haubruge E, Legeai F, Prunier-Leterme N, Simon JC, Tanguy S, Tagu D. (2009) Transcriptomic and proteomic analyses of\u00a0 seasonal photoperiodism in the pea aphid BMC Genomics. 2009 Sep 29;10:456.<\/p>\n<h4>2008<\/h4>\n<p>Rispe, C, Kutsukake, M, Doublet, V, Hudaverdian, S, Legeai, F, Simon, JC, Tagu, D, Fukatsu, T (2008). Large gene family expansion and variable selective pressures for cathepsin B in aphids. Mol. Biol. Evol., 25, 1:5-17.<\/p>\n<\/div>\n","protected":false},"excerpt":{"rendered":"<p>Our updated publication list is now on Zotero Some publications involving BIPAA: 2018 Multi-scale characterization of symbiont diversity in the pea aphid complex through metagenomic approaches. Guyomar C, Legeai F, Jousselin E, Mougel C, Lemaitre C, Simon JC. Microbiome. 2018 Oct 10;6(1):181. hotspots of differentiation and candidate genes involved in the adaptive divergence of pea &hellip; <a href=\"https:\/\/bipaa.genouest.org\/is\/bipaa\/publications\/\" class=\"more-link\">Continue reading <span class=\"screen-reader-text\">Publications<\/span> <span class=\"meta-nav\">&rarr;<\/span><\/a><\/p>\n","protected":false},"author":2,"featured_media":0,"parent":87,"menu_order":0,"comment_status":"closed","ping_status":"closed","template":"","meta":{"footnotes":""},"class_list":["post-144","page","type-page","status-publish","hentry"],"_links":{"self":[{"href":"https:\/\/bipaa.genouest.org\/is\/wp-json\/wp\/v2\/pages\/144","targetHints":{"allow":["GET"]}}],"collection":[{"href":"https:\/\/bipaa.genouest.org\/is\/wp-json\/wp\/v2\/pages"}],"about":[{"href":"https:\/\/bipaa.genouest.org\/is\/wp-json\/wp\/v2\/types\/page"}],"author":[{"embeddable":true,"href":"https:\/\/bipaa.genouest.org\/is\/wp-json\/wp\/v2\/users\/2"}],"replies":[{"embeddable":true,"href":"https:\/\/bipaa.genouest.org\/is\/wp-json\/wp\/v2\/comments?post=144"}],"version-history":[{"count":7,"href":"https:\/\/bipaa.genouest.org\/is\/wp-json\/wp\/v2\/pages\/144\/revisions"}],"predecessor-version":[{"id":760,"href":"https:\/\/bipaa.genouest.org\/is\/wp-json\/wp\/v2\/pages\/144\/revisions\/760"}],"up":[{"embeddable":true,"href":"https:\/\/bipaa.genouest.org\/is\/wp-json\/wp\/v2\/pages\/87"}],"wp:attachment":[{"href":"https:\/\/bipaa.genouest.org\/is\/wp-json\/wp\/v2\/media?parent=144"}],"curies":[{"name":"wp","href":"https:\/\/api.w.org\/{rel}","templated":true}]}}